{"id":2,"date":"2014-07-31T19:57:52","date_gmt":"2014-07-31T18:57:52","guid":{"rendered":"http:\/\/mototrip.asia\/?page_id=2"},"modified":"2020-08-26T12:26:07","modified_gmt":"2020-08-26T11:26:07","slug":"velky-vylet-po-asii-na-male-motorce","status":"publish","type":"page","link":"https:\/\/mototrip.asia\/","title":{"rendered":"Velk\u00fd v\u00fdlet po Asii na mal\u00e9m sk\u00fatru"},"content":{"rendered":"<section class=\"l-section wpb_row height_large color_alternate with_img parallax_fixed\"><div class=\"l-section-img\" style=\"background-image: url(https:\/\/mototrip.asia\/wp-content\/uploads\/2015\/12\/01-Batur.jpg);\" data-img-width=\"2400\" data-img-height=\"1600\"><\/div><div class=\"l-section-h i-cf\"><div class=\"g-cols vc_row type_default valign_middle\"><div class=\"vc_col-sm-12 wpb_column vc_column_container\"><div class=\"vc_column-inner\"><div class=\"wpb_wrapper\"><h1 class=\"w-post-elm post_title us_custom_62fa932f align_center entry-title\" itemprop=\"headline\">Velk\u00fd v\u00fdlet po Asii na mal\u00e9m sk\u00fatru<\/h1><\/div><\/div><\/div><\/div><\/div><\/section><section class=\"l-section wpb_row us_custom_623ba360 height_small\"><div class=\"l-section-h i-cf\"><div class=\"g-cols vc_row type_default valign_top\"><div class=\"vc_col-sm-2 wpb_column vc_column_container\"><div class=\"vc_column-inner\"><div class=\"wpb_wrapper\"><div class=\"w-counter us_custom_d4eeb731 color_text align_center has_text_color\" data-duration=\"5000\"><div class=\"w-counter-value\"><span class=\"w-counter-value-part type_text\" data-final=\"\"><\/span><span class=\"w-counter-value-part type_number\" data-final=\"3\">100<\/span><span class=\"w-counter-value-part type_text\" data-final=\"\"><\/span><\/div><div class=\"w-counter-title\" style=\"font-size:20px;\">expedice<\/div><\/div><\/div><\/div><\/div><div class=\"vc_col-sm-2 wpb_column vc_column_container\"><div class=\"vc_column-inner\"><div class=\"wpb_wrapper\"><div class=\"w-counter us_custom_d8bb8f6f color_custom align_center\" data-duration=\"2000\"><div class=\"w-counter-value\" style=\"color:#dd9933;\"><span class=\"w-counter-value-part type_text\" data-final=\"\"><\/span><span class=\"w-counter-value-part type_number\" data-final=\"35780\">1<\/span><span class=\"w-counter-value-part type_text\" data-final=\"\"><\/span><\/div><div class=\"w-counter-title\" style=\"font-size:20px;\">km na sk\u00fatru<\/div><\/div><\/div><\/div><\/div><div class=\"vc_col-sm-2 wpb_column vc_column_container\"><div class=\"vc_column-inner\"><div class=\"wpb_wrapper\"><div class=\"w-counter us_custom_d4eeb731 color_text align_center has_text_color\" data-duration=\"5000\"><div class=\"w-counter-value\"><span class=\"w-counter-value-part type_text\" data-final=\"\"><\/span><span class=\"w-counter-value-part type_number\" data-final=\"273\">1<\/span><span class=\"w-counter-value-part type_text\" data-final=\"\"><\/span><\/div><div class=\"w-counter-title\" style=\"font-size:20px;\">dn\u00ed<\/div><\/div><\/div><\/div><\/div><div class=\"vc_col-sm-2 wpb_column vc_column_container\"><div class=\"vc_column-inner\"><div class=\"wpb_wrapper\"><div class=\"w-counter us_custom_d8bb8f6f color_custom align_center\" data-duration=\"4000\"><div class=\"w-counter-value\" style=\"color:#dd9933;\"><span class=\"w-counter-value-part type_text\" data-final=\"\"><\/span><span class=\"w-counter-value-part type_number\" data-final=\"52\">1<\/span><span class=\"w-counter-value-part type_text\" data-final=\"\"><\/span><\/div><div class=\"w-counter-title\" style=\"font-size:20px;\">ostrov\u016f<\/div><\/div><\/div><\/div><\/div><div class=\"vc_col-sm-2 wpb_column vc_column_container\"><div class=\"vc_column-inner\"><div class=\"wpb_wrapper\"><div class=\"w-counter us_custom_d4eeb731 color_text align_center has_text_color\" data-duration=\"6000\"><div class=\"w-counter-value\"><span class=\"w-counter-value-part type_text\" data-final=\"\"><\/span><span class=\"w-counter-value-part type_number\" data-final=\"5\">15<\/span><span class=\"w-counter-value-part type_text\" data-final=\"\"><\/span><\/div><div class=\"w-counter-title\" style=\"font-size:20px;\">zem\u00ed<\/div><\/div><\/div><\/div><\/div><div class=\"vc_col-sm-2 wpb_column vc_column_container\"><div class=\"vc_column-inner\"><div class=\"wpb_wrapper\"><div class=\"w-counter us_custom_d8bb8f6f color_custom align_center\" data-duration=\"6000\"><div class=\"w-counter-value\" style=\"color:#dd9933;\"><span class=\"w-counter-value-part type_text\" data-final=\"\"><\/span><span class=\"w-counter-value-part type_number\" data-final=\"1\">50<\/span><span class=\"w-counter-value-part type_text\" data-final=\"\"><\/span><\/div><div class=\"w-counter-title\" style=\"font-size:20px;\">sk\u00fatr<\/div><\/div><\/div><\/div><\/div><\/div><\/div><\/section><section class=\"l-section wpb_row height_small\"><div class=\"l-section-h i-cf\"><div class=\"g-cols vc_row type_default valign_top\"><div class=\"vc_col-sm-8 wpb_column vc_column_container\"><div class=\"vc_column-inner\"><div class=\"wpb_wrapper\"><div class=\"wpb_text_column\" ><div class=\"wpb_wrapper\"><p>Bez \u0159idi\u010d\u00e1ku na motorku ale s velkou touhou cestovat a objevovat! S t\u011bmito p\u0159edpoklady jsem se v z\u00e1\u0159\u00ed 2014 vydal z ostrova Bali m\u00e9m prvn\u00edm sk\u00fatru na dvoum\u011bs\u00ed\u010dn\u00ed a v\u00edce ne\u017e 10.000 kilometr\u016f dlouh\u00fd v\u00fdlet p\u0159es 22 ostrov\u016f indon\u00e9sk\u00e9ho souostrov\u00ed Mal\u00e9 Sundy (Nusa Tenggara) a dojel a\u017e na V\u00fdchodn\u00ed Timor (samostatn\u00fd st\u00e1t). <a href=\"http:\/\/mototrip.asia\/cesty\/nusa-tenggara-2014\/\">V\u00edce info o prvn\u00edm mototripu zde<\/a>.<\/p>\n<\/div><\/div><div class=\"wpb_text_column\" ><div class=\"wpb_wrapper\"><p>Proto\u017ee\u00a0m\u011b tento styl cestov\u00e1n\u00ed naprosto nadchnul, tak jsem se v srpnu <strong>2015<\/strong> p\u0159idal ke \u017elut\u00e9mu cirkusu <strong>Trabantan\u016f Dana P\u0159ib\u00e1n\u011b <\/strong>a p\u0159ejel s nimi ostrovy <strong>J\u00e1va a Sumatra<\/strong>. S\u00e1m cestou zp\u011bt na Bali jsem je\u0161t\u011b nav\u0161t\u00edvil i p\u00e1r okoln\u00edch ostrov\u016f &#8211; Penang v <strong>Malajsii<\/strong>, Nias a dal\u0161\u00ed&#8230; Za 86 dn\u00ed jsem najel celkem 14.286 km a nav\u0161t\u00edvil dal\u0161\u00edch 12 ostrov\u016f. <a href=\"http:\/\/mototrip.asia\/cesty\/java-sumatra-2015\/\">V\u00edce info o druh\u00e9m\u00a0mototripu zde<\/a>.<\/p>\n<\/div><\/div><\/div><\/div><\/div><div class=\"vc_col-sm-4 wpb_column vc_column_container\"><div class=\"vc_column-inner\"><div class=\"wpb_wrapper\"><a class=\"w-flipbox animation_cardflip direction_w\" href=\"http:\/\/mototrip.asia\/skutr\/\"><div class=\"w-flipbox-h easing_ease\" style=\"transition-duration:0.5s;\"><div class=\"w-flipbox-hh\"><div class=\"w-flipbox-front us_custom_4b7c0ab9\" style=\"background-image:url(https:\/\/mototrip.asia\/wp-content\/uploads\/2015\/07\/026.jpg);\"><div class=\"w-flipbox-front-h\"><div class=\"w-flipbox-front-icon style_default\" style=\"font-size:2rem;\"><\/div><h4 class=\"w-flipbox-front-title\" style=\"font-size:32;\">Sk\u00fatr<\/h4><\/div><\/div><div class=\"w-flipbox-back us_custom_4b7c0ab9\" style=\"display:none;background:#ff8800;color:#0a0a0a;\"><div class=\"w-flipbox-back-h\"><h4 class=\"w-flipbox-back-title\" style=\"font-size:24;color:#0a0a0a;\">Yamaha X-Ride<\/h4><div class=\"w-flipbox-back-desc\"><p>Lehce upraven\u00fd b\u011b\u017en\u00fd indon\u00e9sk\u00fd sk\u00fatr s obsahem 113cc, vy\u0161\u0161\u00ed sv\u011btlou v\u00fd\u0161kou, 17\" p\u0159edn\u00edm kolem a bezdu\u0161ov\u00fdmi enduro pneumatikami.<\/p>\n<\/div><\/div><\/div><\/div><\/div><\/a><\/div><\/div><\/div><\/div><\/div><\/section><section class=\"l-section wpb_row height_auto\"><div class=\"l-section-h i-cf\"><div class=\"g-cols vc_row type_default valign_top\"><div class=\"vc_col-sm-4 wpb_column vc_column_container\"><div class=\"vc_column-inner\"><div class=\"wpb_wrapper\"><a class=\"w-flipbox animation_cardflip direction_w\" href=\"http:\/\/mototrip.asia\/o-mne\/\"><div class=\"w-flipbox-h easing_ease\" style=\"transition-duration:0.5s;\"><div class=\"w-flipbox-hh\"><div class=\"w-flipbox-front us_custom_4b7c0ab9\" style=\"background-image:url(https:\/\/mototrip.asia\/wp-content\/uploads\/2014\/07\/S-Korowaicem-a-s\u00e1gov\u00fdm-\u010dervem-600x600.jpg);\"><div class=\"w-flipbox-front-h\"><\/div><\/div><div class=\"w-flipbox-back us_custom_4b7c0ab9\" style=\"display:none;background:#ff8800;color:#000000;\"><div class=\"w-flipbox-back-h\"><h4 class=\"w-flipbox-back-title\" style=\"color:#000000;\">Jirka Hru\u0161ka<\/h4><div class=\"w-flipbox-back-desc\"><p>Cestovatel, instruktor pot\u00e1p\u011bn\u00ed a \u010desk\u00fd pr\u016fvodce \u017eij\u00edc\u00ed na Bali od roku 1998. P\u016fvodem z \u010cesk\u00fdch Bud\u011bjovic.<\/p>\n<\/div><\/div><\/div><\/div><\/div><\/a><\/div><\/div><\/div><div class=\"vc_col-sm-8 wpb_column vc_column_container\"><div class=\"vc_column-inner\"><div class=\"wpb_wrapper\"><div class=\"wpb_text_column\" ><div class=\"wpb_wrapper\"><p>Do Indon\u00e9sie jsem se poprv\u00e9 pod\u00edval ji\u017e v roce 1998 a ji\u017e tehdy mne naprosto u\u010darovala. A\u017e do roku 2013 jsem zde str\u00e1vil dohromady n\u011bco p\u0159es 2 roky&#8230; Pot\u00e1p\u011bl jsem se, cestoval, jezdil na motorce, lezl na sopky apod. Ihned po gymplu jsem 4 roky pracoval v cestovn\u00edm ruchu, abych se mohl do Indon\u00e9sie vracet co nejv\u00edce. V \u010dervnu 2014 jsem dokon\u010dil V\u0160 (mezin\u00e1rodn\u00ed studia na Mendelov\u011b univerzit\u011b v Brn\u011b) a \u0159ekl si, \u017ee te\u010f je ten prav\u00fd \u010das vyrazit do sv\u011bta. A tak jsem se rozhodl, \u017ee si na Bali, m\u00e9m druh\u00e9m domov\u011b, koup\u00edm motorku a vyraz\u00edm pozn\u00e1vat sv\u011bt&#8230;.\u00a0<a href=\"http:\/\/mototrip.asia\/o-mne\/\">V\u00edce info o mn\u011b zde<\/a>.<\/p>\n<\/div><\/div><\/div><\/div><\/div><\/div><\/div><\/section>\n","protected":false},"excerpt":{"rendered":"Velk\u00fd v\u00fdlet po Asii na mal\u00e9m sk\u00fatru100expedice1km na sk\u00fatru1dn\u00ed1ostrov\u016f15zem\u00ed50sk\u00fatrBez \u0159idi\u010d\u00e1ku na motorku ale s velkou touhou cestovat a objevovat! S t\u011bmito p\u0159edpoklady jsem se v z\u00e1\u0159\u00ed 2014 vydal z ostrova Bali m\u00e9m prvn\u00edm sk\u00fatru na dvoum\u011bs\u00ed\u010dn\u00ed a v\u00edce ne\u017e 10.000 kilometr\u016f dlouh\u00fd v\u00fdlet p\u0159es 22 ostrov\u016f indon\u00e9sk\u00e9ho souostrov\u00ed Mal\u00e9 Sundy (Nusa Tenggara) a dojel a\u017e...","protected":false},"author":3,"featured_media":0,"parent":0,"menu_order":0,"comment_status":"closed","ping_status":"open","template":"","meta":{"footnotes":""},"class_list":["post-2","page","type-page","status-publish","hentry"],"yoast_head":"<!-- This site is optimized with the Yoast SEO plugin v27.4 - https:\/\/yoast.com\/product\/yoast-seo-wordpress\/ -->\n<title>MOTOTRIP.ASIA - Velk\u00fd v\u00fdlet na mal\u00e9m sk\u00fatru po Indon\u00e9sii a okoln\u00edch st\u00e1tech jihov\u00fdchodn\u00ed Asie<\/title>\n<meta name=\"description\" content=\"Velk\u00fd mototrip cestovatele Jirky Hru\u0161ky z Bali na mal\u00e9m sk\u00fatru po Indon\u00e9sii a dal\u0161\u00edch st\u00e1tech jihov\u00fdchodn\u00ed Asie: V\u00fdchodn\u00ed Timor, Papua-Nov\u00e1 Guinea, Malajsie\" \/>\n<meta name=\"robots\" content=\"index, follow, max-snippet:-1, max-image-preview:large, max-video-preview:-1\" \/>\n<link rel=\"canonical\" href=\"https:\/\/mototrip.asia\/\" \/>\n<meta property=\"og:locale\" content=\"cs_CZ\" \/>\n<meta property=\"og:type\" content=\"article\" \/>\n<meta property=\"og:title\" content=\"MOTOTRIP.ASIA - Velk\u00fd v\u00fdlet na mal\u00e9m sk\u00fatru po Indon\u00e9sii a okoln\u00edch st\u00e1tech jihov\u00fdchodn\u00ed Asie\" \/>\n<meta property=\"og:description\" content=\"Velk\u00fd mototrip cestovatele Jirky Hru\u0161ky z Bali na mal\u00e9m sk\u00fatru po Indon\u00e9sii a dal\u0161\u00edch st\u00e1tech jihov\u00fdchodn\u00ed Asie: V\u00fdchodn\u00ed Timor, Papua-Nov\u00e1 Guinea, Malajsie\" \/>\n<meta property=\"og:url\" content=\"https:\/\/mototrip.asia\/\" \/>\n<meta property=\"og:site_name\" content=\"MOTOTRIP.ASIA\" \/>\n<meta property=\"article:publisher\" content=\"http:\/\/facebook.com\/MOTOTRIP.ASIA\" \/>\n<meta property=\"article:modified_time\" content=\"2020-08-26T11:26:07+00:00\" \/>\n<meta property=\"og:image\" content=\"https:\/\/mototrip.asia\/wp-content\/uploads\/2015\/04\/Batur-1.jpg\" \/>\n\t<meta property=\"og:image:width\" content=\"2560\" \/>\n\t<meta property=\"og:image:height\" content=\"1440\" \/>\n\t<meta property=\"og:image:type\" content=\"image\/jpeg\" \/>\n<meta name=\"twitter:card\" content=\"summary_large_image\" \/>\n<meta name=\"twitter:site\" content=\"@MOTOTRIPASIA\" \/>\n<meta name=\"twitter:label1\" content=\"Odhadovan\u00e1 doba \u010dten\u00ed\" \/>\n\t<meta name=\"twitter:data1\" content=\"4 minuty\" \/>\n<script type=\"application\/ld+json\" class=\"yoast-schema-graph\">{\"@context\":\"https:\\\/\\\/schema.org\",\"@graph\":[{\"@type\":\"WebPage\",\"@id\":\"https:\\\/\\\/mototrip.asia\\\/\",\"url\":\"https:\\\/\\\/mototrip.asia\\\/\",\"name\":\"MOTOTRIP.ASIA - Velk\u00fd v\u00fdlet na mal\u00e9m sk\u00fatru po Indon\u00e9sii a okoln\u00edch st\u00e1tech jihov\u00fdchodn\u00ed Asie\",\"isPartOf\":{\"@id\":\"https:\\\/\\\/mototrip.asia\\\/#website\"},\"datePublished\":\"2014-07-31T18:57:52+00:00\",\"dateModified\":\"2020-08-26T11:26:07+00:00\",\"description\":\"Velk\u00fd mototrip cestovatele Jirky Hru\u0161ky z Bali na mal\u00e9m sk\u00fatru po Indon\u00e9sii a dal\u0161\u00edch st\u00e1tech jihov\u00fdchodn\u00ed Asie: V\u00fdchodn\u00ed Timor, Papua-Nov\u00e1 Guinea, Malajsie\",\"breadcrumb\":{\"@id\":\"https:\\\/\\\/mototrip.asia\\\/#breadcrumb\"},\"inLanguage\":\"cs\",\"potentialAction\":[{\"@type\":\"ReadAction\",\"target\":[\"https:\\\/\\\/mototrip.asia\\\/\"]}]},{\"@type\":\"BreadcrumbList\",\"@id\":\"https:\\\/\\\/mototrip.asia\\\/#breadcrumb\",\"itemListElement\":[{\"@type\":\"ListItem\",\"position\":1,\"name\":\"Dom\u016f\",\"item\":\"https:\\\/\\\/mototrip.asia\\\/\"},{\"@type\":\"ListItem\",\"position\":2,\"name\":\"Velk\u00fd v\u00fdlet po Asii na mal\u00e9m sk\u00fatru\"}]},{\"@type\":\"WebSite\",\"@id\":\"https:\\\/\\\/mototrip.asia\\\/#website\",\"url\":\"https:\\\/\\\/mototrip.asia\\\/\",\"name\":\"MOTOTRIP.ASIA\",\"description\":\"Velk\u00fd v\u00fdlet po Asii na mal\u00e9m sk\u00fatru\",\"publisher\":{\"@id\":\"https:\\\/\\\/mototrip.asia\\\/#organization\"},\"potentialAction\":[{\"@type\":\"SearchAction\",\"target\":{\"@type\":\"EntryPoint\",\"urlTemplate\":\"https:\\\/\\\/mototrip.asia\\\/?s={search_term_string}\"},\"query-input\":{\"@type\":\"PropertyValueSpecification\",\"valueRequired\":true,\"valueName\":\"search_term_string\"}}],\"inLanguage\":\"cs\"},{\"@type\":\"Organization\",\"@id\":\"https:\\\/\\\/mototrip.asia\\\/#organization\",\"name\":\"MOTOTRIP.ASIA\",\"url\":\"https:\\\/\\\/mototrip.asia\\\/\",\"logo\":{\"@type\":\"ImageObject\",\"inLanguage\":\"cs\",\"@id\":\"https:\\\/\\\/mototrip.asia\\\/#\\\/schema\\\/logo\\\/image\\\/\",\"url\":\"https:\\\/\\\/mototrip.asia\\\/wp-content\\\/uploads\\\/2020\\\/07\\\/MOTOTRIP.ASIA_logo.png\",\"contentUrl\":\"https:\\\/\\\/mototrip.asia\\\/wp-content\\\/uploads\\\/2020\\\/07\\\/MOTOTRIP.ASIA_logo.png\",\"width\":1200,\"height\":1200,\"caption\":\"MOTOTRIP.ASIA\"},\"image\":{\"@id\":\"https:\\\/\\\/mototrip.asia\\\/#\\\/schema\\\/logo\\\/image\\\/\"},\"sameAs\":[\"http:\\\/\\\/facebook.com\\\/MOTOTRIP.ASIA\",\"https:\\\/\\\/x.com\\\/MOTOTRIPASIA\",\"https:\\\/\\\/instagram.com\\\/MOTOTRIP.ASIA\",\"https:\\\/\\\/linkedin.com\\\/company\\\/mototrip-asia\",\"https:\\\/\\\/pinterest.com\\\/MOTOTRIPASIA\",\"https:\\\/\\\/youtube.com\\\/MOTOTRIPASIA\"]}]}<\/script>\n<!-- \/ Yoast SEO plugin. -->","yoast_head_json":{"title":"MOTOTRIP.ASIA - Velk\u00fd v\u00fdlet na mal\u00e9m sk\u00fatru po Indon\u00e9sii a okoln\u00edch st\u00e1tech jihov\u00fdchodn\u00ed Asie","description":"Velk\u00fd mototrip cestovatele Jirky Hru\u0161ky z Bali na mal\u00e9m sk\u00fatru po Indon\u00e9sii a dal\u0161\u00edch st\u00e1tech jihov\u00fdchodn\u00ed Asie: V\u00fdchodn\u00ed Timor, Papua-Nov\u00e1 Guinea, Malajsie","robots":{"index":"index","follow":"follow","max-snippet":"max-snippet:-1","max-image-preview":"max-image-preview:large","max-video-preview":"max-video-preview:-1"},"canonical":"https:\/\/mototrip.asia\/","og_locale":"cs_CZ","og_type":"article","og_title":"MOTOTRIP.ASIA - Velk\u00fd v\u00fdlet na mal\u00e9m sk\u00fatru po Indon\u00e9sii a okoln\u00edch st\u00e1tech jihov\u00fdchodn\u00ed Asie","og_description":"Velk\u00fd mototrip cestovatele Jirky Hru\u0161ky z Bali na mal\u00e9m sk\u00fatru po Indon\u00e9sii a dal\u0161\u00edch st\u00e1tech jihov\u00fdchodn\u00ed Asie: V\u00fdchodn\u00ed Timor, Papua-Nov\u00e1 Guinea, Malajsie","og_url":"https:\/\/mototrip.asia\/","og_site_name":"MOTOTRIP.ASIA","article_publisher":"http:\/\/facebook.com\/MOTOTRIP.ASIA","article_modified_time":"2020-08-26T11:26:07+00:00","og_image":[{"width":2560,"height":1440,"url":"https:\/\/mototrip.asia\/wp-content\/uploads\/2015\/04\/Batur-1.jpg","type":"image\/jpeg"}],"twitter_card":"summary_large_image","twitter_site":"@MOTOTRIPASIA","twitter_misc":{"Odhadovan\u00e1 doba \u010dten\u00ed":"4 minuty"},"schema":{"@context":"https:\/\/schema.org","@graph":[{"@type":"WebPage","@id":"https:\/\/mototrip.asia\/","url":"https:\/\/mototrip.asia\/","name":"MOTOTRIP.ASIA - Velk\u00fd v\u00fdlet na mal\u00e9m sk\u00fatru po Indon\u00e9sii a okoln\u00edch st\u00e1tech jihov\u00fdchodn\u00ed Asie","isPartOf":{"@id":"https:\/\/mototrip.asia\/#website"},"datePublished":"2014-07-31T18:57:52+00:00","dateModified":"2020-08-26T11:26:07+00:00","description":"Velk\u00fd mototrip cestovatele Jirky Hru\u0161ky z Bali na mal\u00e9m sk\u00fatru po Indon\u00e9sii a dal\u0161\u00edch st\u00e1tech jihov\u00fdchodn\u00ed Asie: V\u00fdchodn\u00ed Timor, Papua-Nov\u00e1 Guinea, Malajsie","breadcrumb":{"@id":"https:\/\/mototrip.asia\/#breadcrumb"},"inLanguage":"cs","potentialAction":[{"@type":"ReadAction","target":["https:\/\/mototrip.asia\/"]}]},{"@type":"BreadcrumbList","@id":"https:\/\/mototrip.asia\/#breadcrumb","itemListElement":[{"@type":"ListItem","position":1,"name":"Dom\u016f","item":"https:\/\/mototrip.asia\/"},{"@type":"ListItem","position":2,"name":"Velk\u00fd v\u00fdlet po Asii na mal\u00e9m sk\u00fatru"}]},{"@type":"WebSite","@id":"https:\/\/mototrip.asia\/#website","url":"https:\/\/mototrip.asia\/","name":"MOTOTRIP.ASIA","description":"Velk\u00fd v\u00fdlet po Asii na mal\u00e9m sk\u00fatru","publisher":{"@id":"https:\/\/mototrip.asia\/#organization"},"potentialAction":[{"@type":"SearchAction","target":{"@type":"EntryPoint","urlTemplate":"https:\/\/mototrip.asia\/?s={search_term_string}"},"query-input":{"@type":"PropertyValueSpecification","valueRequired":true,"valueName":"search_term_string"}}],"inLanguage":"cs"},{"@type":"Organization","@id":"https:\/\/mototrip.asia\/#organization","name":"MOTOTRIP.ASIA","url":"https:\/\/mototrip.asia\/","logo":{"@type":"ImageObject","inLanguage":"cs","@id":"https:\/\/mototrip.asia\/#\/schema\/logo\/image\/","url":"https:\/\/mototrip.asia\/wp-content\/uploads\/2020\/07\/MOTOTRIP.ASIA_logo.png","contentUrl":"https:\/\/mototrip.asia\/wp-content\/uploads\/2020\/07\/MOTOTRIP.ASIA_logo.png","width":1200,"height":1200,"caption":"MOTOTRIP.ASIA"},"image":{"@id":"https:\/\/mototrip.asia\/#\/schema\/logo\/image\/"},"sameAs":["http:\/\/facebook.com\/MOTOTRIP.ASIA","https:\/\/x.com\/MOTOTRIPASIA","https:\/\/instagram.com\/MOTOTRIP.ASIA","https:\/\/linkedin.com\/company\/mototrip-asia","https:\/\/pinterest.com\/MOTOTRIPASIA","https:\/\/youtube.com\/MOTOTRIPASIA"]}]}},"_links":{"self":[{"href":"https:\/\/mototrip.asia\/index.php?rest_route=\/wp\/v2\/pages\/2","targetHints":{"allow":["GET"]}}],"collection":[{"href":"https:\/\/mototrip.asia\/index.php?rest_route=\/wp\/v2\/pages"}],"about":[{"href":"https:\/\/mototrip.asia\/index.php?rest_route=\/wp\/v2\/types\/page"}],"author":[{"embeddable":true,"href":"https:\/\/mototrip.asia\/index.php?rest_route=\/wp\/v2\/users\/3"}],"replies":[{"embeddable":true,"href":"https:\/\/mototrip.asia\/index.php?rest_route=%2Fwp%2Fv2%2Fcomments&post=2"}],"version-history":[{"count":32,"href":"https:\/\/mototrip.asia\/index.php?rest_route=\/wp\/v2\/pages\/2\/revisions"}],"predecessor-version":[{"id":891,"href":"https:\/\/mototrip.asia\/index.php?rest_route=\/wp\/v2\/pages\/2\/revisions\/891"}],"wp:attachment":[{"href":"https:\/\/mototrip.asia\/index.php?rest_route=%2Fwp%2Fv2%2Fmedia&parent=2"}],"curies":[{"name":"wp","href":"https:\/\/api.w.org\/{rel}","templated":true}]}}